{"id":67,"date":"2015-05-26T22:05:54","date_gmt":"2015-05-26T21:05:54","guid":{"rendered":"http:\/\/www.visuelconcept.com\/?page_id=67"},"modified":"2015-05-26T22:05:54","modified_gmt":"2015-05-26T21:05:54","slug":"societe","status":"publish","type":"page","link":"https:\/\/www.visuelconcept.com\/index.php\/societe\/","title":{"rendered":"Soci\u00e9t\u00e9"},"content":{"rendered":"<p>\t\t\t\t<strong>Vision &amp; Mission<\/strong><\/p>\n<p>VISUEL CONCEPT est une soci\u00e9t\u00e9 d\u2019ing\u00e9nierie en informatique industrielle au chiffre d\u2019affaires de 1M\u20ac en 2016, sp\u00e9cialis\u00e9e dans le d\u00e9veloppement de logiciels. La strat\u00e9gie de d\u00e9veloppement s\u2019est orient\u00e9e en 2008 vers la cr\u00e9ation et le d\u00e9veloppement du p\u00f4le \u00ab\u00a0R\u00e9seaux &amp; Syst\u00e8mes\u00a0\u00bb, puis en 2015, de l\u2019entr\u00e9e majoritaire au capital de \u00ab\u00a0TMSys\u00a0\u00bb, soci\u00e9t\u00e9 d\u2019ing\u00e9nierie et d\u2019\u00e9tudes techniques sp\u00e9cialis\u00e9e en \u00e9lectronique.<\/p>\n<p>Au travers de ses diff\u00e9rentes comp\u00e9tences, VISUEL CONCEPT est aujourd\u2019hui en mesure de proposer \u00e0 ses clients des solutions de contr\u00f4le-commande, de supervision et de mesure de type \u00ab\u00a0objets connect\u00e9s\u00a0\u00bb int\u00e9grant une couche logicielle et de l\u2019\u00e9lectronique \u00e0 la fois performants et novateurs.<\/p>\n<hr \/>\n<p><strong><em>Nos valeurs<\/em><\/strong><\/p>\n<blockquote>\n<p style=\"text-align: center;\">Innovation\u00a0\u2022 Agilit\u00e9 \u2022 Proximit\u00e9\u00a0\u2022 Ouverture\u00a0\u2022 Responsabilit\u00e9<\/p>\n<\/blockquote>\n","protected":false},"excerpt":{"rendered":"<p>Vision &amp; Mission VISUEL CONCEPT est une soci\u00e9t\u00e9 d\u2019ing\u00e9nierie en informatique industrielle au chiffre d\u2019affaires de 1M\u20ac en 2016, sp\u00e9cialis\u00e9e dans le d\u00e9veloppement de logiciels. La strat\u00e9gie de d\u00e9veloppement s\u2019est orient\u00e9e en 2008 vers la cr\u00e9ation et le d\u00e9veloppement du p\u00f4le \u00ab\u00a0R\u00e9seaux &amp; Syst\u00e8mes\u00a0\u00bb, puis en 2015, de l\u2019entr\u00e9e majoritaire&#8230;<\/p>\n<p> <a class=\"continue-reading-link\" href=\"https:\/\/www.visuelconcept.com\/index.php\/societe\/\"><span>Lire la suite &#8230;<\/span><i class=\"crycon-right-dir\"><\/i><\/a> <\/p>\n","protected":false},"author":1,"featured_media":0,"parent":0,"menu_order":0,"comment_status":"closed","ping_status":"open","template":"","meta":{"footnotes":""},"class_list":["post-67","page","type-page","status-publish","hentry"],"_links":{"self":[{"href":"https:\/\/www.visuelconcept.com\/index.php\/wp-json\/wp\/v2\/pages\/67","targetHints":{"allow":["GET"]}}],"collection":[{"href":"https:\/\/www.visuelconcept.com\/index.php\/wp-json\/wp\/v2\/pages"}],"about":[{"href":"https:\/\/www.visuelconcept.com\/index.php\/wp-json\/wp\/v2\/types\/page"}],"author":[{"embeddable":true,"href":"https:\/\/www.visuelconcept.com\/index.php\/wp-json\/wp\/v2\/users\/1"}],"replies":[{"embeddable":true,"href":"https:\/\/www.visuelconcept.com\/index.php\/wp-json\/wp\/v2\/comments?post=67"}],"version-history":[{"count":0,"href":"https:\/\/www.visuelconcept.com\/index.php\/wp-json\/wp\/v2\/pages\/67\/revisions"}],"wp:attachment":[{"href":"https:\/\/www.visuelconcept.com\/index.php\/wp-json\/wp\/v2\/media?parent=67"}],"curies":[{"name":"wp","href":"https:\/\/api.w.org\/{rel}","templated":true}]}}