{"id":72,"date":"2015-05-26T22:39:20","date_gmt":"2015-05-26T21:39:20","guid":{"rendered":"http:\/\/www.visuelconcept.com\/?page_id=72"},"modified":"2015-05-26T22:39:20","modified_gmt":"2015-05-26T21:39:20","slug":"secteurs-dactivites","status":"publish","type":"page","link":"https:\/\/www.visuelconcept.com\/index.php\/secteurs-dactivites\/","title":{"rendered":"Secteurs d&#8217;activit\u00e9s"},"content":{"rendered":"<ul>\n<li><a href=\"http:\/\/www.visuelconcept.com\/index.php\/category\/iot\/\">Objets connect\u00e9s industriels<\/a><\/li>\n<li>Syst\u00e8mes de transport intelligents<\/li>\n<li><a href=\"http:\/\/www.visuelconcept.com\/index.php\/category\/eau-environnement\/\">Eau &amp; environnement<\/a><\/li>\n<li>Energie<\/li>\n<li>Industrie<\/li>\n<li><a href=\"http:\/\/www.visuelconcept.com\/index.php\/category\/pharma\/\">Pharmaceutique<\/a><\/li>\n<li>Tests &amp; mesures<\/li>\n<li><a href=\"http:\/\/www.visuelconcept.com\/index.php\/category\/controle-commande\/\">Contr\u00f4le-commande<\/a><\/li>\n<li>Vision industrielle<\/li>\n<\/ul>\n","protected":false},"excerpt":{"rendered":"<p>Objets connect\u00e9s industriels Syst\u00e8mes de transport intelligents Eau &amp; environnement Energie Industrie Pharmaceutique Tests &amp; mesures Contr\u00f4le-commande Vision industrielle<\/p>\n<p> <a class=\"continue-reading-link\" href=\"https:\/\/www.visuelconcept.com\/index.php\/secteurs-dactivites\/\"><span>Lire la suite &#8230;<\/span><i class=\"crycon-right-dir\"><\/i><\/a> <\/p>\n","protected":false},"author":1,"featured_media":0,"parent":0,"menu_order":0,"comment_status":"closed","ping_status":"open","template":"","meta":{"footnotes":""},"class_list":["post-72","page","type-page","status-publish","hentry"],"_links":{"self":[{"href":"https:\/\/www.visuelconcept.com\/index.php\/wp-json\/wp\/v2\/pages\/72","targetHints":{"allow":["GET"]}}],"collection":[{"href":"https:\/\/www.visuelconcept.com\/index.php\/wp-json\/wp\/v2\/pages"}],"about":[{"href":"https:\/\/www.visuelconcept.com\/index.php\/wp-json\/wp\/v2\/types\/page"}],"author":[{"embeddable":true,"href":"https:\/\/www.visuelconcept.com\/index.php\/wp-json\/wp\/v2\/users\/1"}],"replies":[{"embeddable":true,"href":"https:\/\/www.visuelconcept.com\/index.php\/wp-json\/wp\/v2\/comments?post=72"}],"version-history":[{"count":0,"href":"https:\/\/www.visuelconcept.com\/index.php\/wp-json\/wp\/v2\/pages\/72\/revisions"}],"wp:attachment":[{"href":"https:\/\/www.visuelconcept.com\/index.php\/wp-json\/wp\/v2\/media?parent=72"}],"curies":[{"name":"wp","href":"https:\/\/api.w.org\/{rel}","templated":true}]}}