{"id":89,"date":"2015-05-26T23:26:44","date_gmt":"2015-05-26T22:26:44","guid":{"rendered":"http:\/\/wordpress.visuelconcept.com\/?page_id=89"},"modified":"2015-05-26T23:26:44","modified_gmt":"2015-05-26T22:26:44","slug":"contact","status":"publish","type":"page","link":"https:\/\/www.visuelconcept.com\/index.php\/contact\/","title":{"rendered":"Contact"},"content":{"rendered":"<h1>O\u00f9 nous trouver ?<\/h1>\n<p><iframe loading=\"lazy\" class=\"aligncenter\" style=\"border: 0px currentColor\" src=\"https:\/\/www.google.com\/maps\/embed?pb=!1m18!1m12!1m3!1d89123.97805878985!2d4.848063565264237!3d45.728601690815225!2m3!1f0!2f0!3f0!3m2!1i1024!2i768!4f13.1!3m3!1m2!1s0x0000000000000000%3A0x77ca1f6c73d81f6a!2sVisuel+Concept!5e0!3m2!1sfr!2sfr!4v1432674966049\" width=\"600\" height=\"450\" frameborder=\"0\"><\/iframe><\/p>\n<p><a href=\"http:\/\/192.168.50.6\/wp-content\/uploads\/2015\/05\/agence-VC.png\" rel=\"attachment wp-att-322\"><img loading=\"lazy\" decoding=\"async\" class=\"aligncenter wp-image-322\" src=\"http:\/\/192.168.50.6\/wp-content\/uploads\/2015\/05\/agence-VC.png\" alt=\"agence-vc\" width=\"600\" height=\"409\" srcset=\"https:\/\/www.visuelconcept.com\/wp-content\/uploads\/2015\/05\/agence-VC.png 829w, https:\/\/www.visuelconcept.com\/wp-content\/uploads\/2015\/05\/agence-VC-300x204.png 300w, https:\/\/www.visuelconcept.com\/wp-content\/uploads\/2015\/05\/agence-VC-768x523.png 768w, https:\/\/www.visuelconcept.com\/wp-content\/uploads\/2015\/05\/agence-VC-150x102.png 150w\" sizes=\"auto, (max-width: 600px) 100vw, 600px\" \/><\/a><\/p>\n<hr \/>\n<h1>Nous contacter<\/h1>\n<p>Par t\u00e9l\u00e9phone : <a href=\"tel:+33 478 973 888\">+33 478 973 888<\/a><\/p>\n<p>Par mail : <a href=\"mailto:contact@visuelconcept.com\">contact@visuelconcept.com<\/a>\t\t<\/p>\n","protected":false},"excerpt":{"rendered":"<p>O\u00f9 nous trouver ? Nous contacter Par t\u00e9l\u00e9phone : +33 478 973 888 Par mail : contact@visuelconcept.com<\/p>\n<p> <a class=\"continue-reading-link\" href=\"https:\/\/www.visuelconcept.com\/index.php\/contact\/\"><span>Lire la suite &#8230;<\/span><i class=\"crycon-right-dir\"><\/i><\/a> <\/p>\n","protected":false},"author":1,"featured_media":0,"parent":0,"menu_order":0,"comment_status":"closed","ping_status":"open","template":"","meta":{"footnotes":""},"class_list":["post-89","page","type-page","status-publish","hentry"],"_links":{"self":[{"href":"https:\/\/www.visuelconcept.com\/index.php\/wp-json\/wp\/v2\/pages\/89","targetHints":{"allow":["GET"]}}],"collection":[{"href":"https:\/\/www.visuelconcept.com\/index.php\/wp-json\/wp\/v2\/pages"}],"about":[{"href":"https:\/\/www.visuelconcept.com\/index.php\/wp-json\/wp\/v2\/types\/page"}],"author":[{"embeddable":true,"href":"https:\/\/www.visuelconcept.com\/index.php\/wp-json\/wp\/v2\/users\/1"}],"replies":[{"embeddable":true,"href":"https:\/\/www.visuelconcept.com\/index.php\/wp-json\/wp\/v2\/comments?post=89"}],"version-history":[{"count":0,"href":"https:\/\/www.visuelconcept.com\/index.php\/wp-json\/wp\/v2\/pages\/89\/revisions"}],"wp:attachment":[{"href":"https:\/\/www.visuelconcept.com\/index.php\/wp-json\/wp\/v2\/media?parent=89"}],"curies":[{"name":"wp","href":"https:\/\/api.w.org\/{rel}","templated":true}]}}